{"id":6453,"date":"2025-05-19T15:12:27","date_gmt":"2025-05-19T15:12:27","guid":{"rendered":"https:\/\/evopac.com\/azienda\/"},"modified":"2025-06-24T10:44:09","modified_gmt":"2025-06-24T10:44:09","slug":"azienda","status":"publish","type":"page","link":"https:\/\/evopac.com\/it\/azienda\/","title":{"rendered":"Azienda"},"content":{"rendered":"\t\t<div data-elementor-type=\"wp-page\" data-elementor-id=\"6453\" class=\"elementor elementor-6453 elementor-5607\">\n\t\t\t\t<div class=\"elementor-element elementor-element-f26eaf1 e-con-full qodef-elementor-content-grid e-flex e-con e-parent\" data-id=\"f26eaf1\" data-element_type=\"container\" data-e-type=\"container\">\n\t\t\t\t<div class=\"elementor-element elementor-element-48c89dc elementor-widget-tablet__width-inherit elementor-widget elementor-widget-spheral_core_section_title\" data-id=\"48c89dc\" data-element_type=\"widget\" data-e-type=\"widget\" data-widget_type=\"spheral_core_section_title.default\">\n\t\t\t\t<div class=\"elementor-widget-container\">\n\t\t\t\t\t<div class=\"qodef-shortcode qodef-m qodef-section-title qodef-alignment--center\">\n\t\t<h1 class=\"qodef-m-title\" style=\"color: #1D252D\">\n\t\t\t\t\tWrap it your way\t\t\t<\/h1>\n\t<\/div>\n\t\t\t\t<\/div>\n\t\t\t\t<\/div>\n\t\t\t\t<\/div>\n\t\t<div class=\"elementor-element elementor-element-73e6f52 e-con-full e-flex e-con e-parent\" data-id=\"73e6f52\" data-element_type=\"container\" data-e-type=\"container\" data-settings=\"{&quot;background_background&quot;:&quot;classic&quot;}\">\n\t\t<div class=\"elementor-element elementor-element-0819412 e-con-full e-flex e-con e-child\" data-id=\"0819412\" data-element_type=\"container\" data-e-type=\"container\" data-settings=\"{&quot;background_background&quot;:&quot;video&quot;,&quot;background_video_link&quot;:&quot;https:\\\/\\\/www.youtube.com\\\/watch?v=jF5dGpSN_0I&quot;,&quot;background_play_on_mobile&quot;:&quot;yes&quot;}\">\n\t\t<div class=\"elementor-background-video-container\">\n\t\t\t\t\t\t\t<div class=\"elementor-background-video-embed\" role=\"presentation\"><\/div>\n\t\t\t\t\t\t<\/div>\t\t<\/div>\n\t\t\t\t<\/div>\n\t\t<div class=\"elementor-element elementor-element-f4d555a e-con-full e-flex e-con e-parent\" data-id=\"f4d555a\" data-element_type=\"container\" data-e-type=\"container\" data-settings=\"{&quot;background_background&quot;:&quot;classic&quot;}\">\n\t\t\t\t<div class=\"elementor-element elementor-element-70cdfa7 elementor-widget elementor-widget-text-editor\" data-id=\"70cdfa7\" data-element_type=\"widget\" data-e-type=\"widget\" data-widget_type=\"text-editor.default\">\n\t\t\t\t<div class=\"elementor-widget-container\">\n\t\t\t\t\t\t\t\t\t<h3>EVOPAC \u00e8 un&#8217;azienda 100% italiana produttrice di macchine avvolgi-pallet con sede a Cesena, nel cuore della Romagna. Siamo un&#8217;azienda a conduzione familiare che ha costruito la sua attivit\u00e0 su valori di fiducia, dedizione e integrit\u00e0. <\/BR>Per noi ogni cliente \u00e8 un partner e crediamo nella creazione di relazioni durature basate sull&#8217;onest\u00e0 e sulla crescita reciproca.<\/h3>\t\t\t\t\t\t\t\t<\/div>\n\t\t\t\t<\/div>\n\t\t\t\t<div class=\"elementor-element elementor-element-67595d5 elementor-widget elementor-widget-text-editor\" data-id=\"67595d5\" data-element_type=\"widget\" data-e-type=\"widget\" data-widget_type=\"text-editor.default\">\n\t\t\t\t<div class=\"elementor-widget-container\">\n\t\t\t\t\t\t\t\t\t<h3 style=\"font-weight: 400;\">Progettiamo e produciamo una gamma completa di macchine avvolgitrici semi-automatiche, automatiche e personalizzate, adatte a soddisfare le esigenze di aziende di ogni dimensione. Ogni soluzione \u00e8 progettata e costruita nel nostro stabilimento, unendo le competenze tecniche alla passione per il packaging.<\/h3>\t\t\t\t\t\t\t\t<\/div>\n\t\t\t\t<\/div>\n\t\t\t\t<div class=\"elementor-element elementor-element-d12b4f4 elementor-widget elementor-widget-image\" data-id=\"d12b4f4\" data-element_type=\"widget\" data-e-type=\"widget\" data-widget_type=\"image.default\">\n\t\t\t\t<div class=\"elementor-widget-container\">\n\t\t\t\t\t\t\t\t\t\t\t\t\t\t\t<img decoding=\"async\" width=\"268\" height=\"10\" src=\"https:\/\/evopac.com\/wp-content\/uploads\/2025\/05\/italy-1.png\" class=\"attachment-large size-large wp-image-5526\" alt=\"\" \/>\t\t\t\t\t\t\t\t\t\t\t\t\t\t\t<\/div>\n\t\t\t\t<\/div>\n\t\t\t\t<\/div>\n\t\t<div class=\"elementor-element elementor-element-7d278ec e-con-full e-flex e-con e-parent\" data-id=\"7d278ec\" data-element_type=\"container\" data-e-type=\"container\" data-settings=\"{&quot;background_background&quot;:&quot;classic&quot;}\">\n\t\t<div class=\"elementor-element elementor-element-7378d13 e-con-full e-flex e-con e-child\" data-id=\"7378d13\" data-element_type=\"container\" data-e-type=\"container\" data-settings=\"{&quot;background_background&quot;:&quot;classic&quot;}\">\n\t\t\t\t<div class=\"elementor-element elementor-element-5ece7ec elementor-widget elementor-widget-text-editor\" data-id=\"5ece7ec\" data-element_type=\"widget\" data-e-type=\"widget\" data-widget_type=\"text-editor.default\">\n\t\t\t\t<div class=\"elementor-widget-container\">\n\t\t\t\t\t\t\t\t\t<h3><span style=\"color: #ffffff;\">Progettiamo e assembliamo tutto nella nostra fabbrica di Cesena (Italia), dal primo schizzo alla linea di produzione.  <\/span><\/h3>\t\t\t\t\t\t\t\t<\/div>\n\t\t\t\t<\/div>\n\t\t\t\t<div class=\"elementor-element elementor-element-ac1a48d animated-slow e-transform elementor-invisible elementor-widget elementor-widget-image\" data-id=\"ac1a48d\" data-element_type=\"widget\" data-e-type=\"widget\" data-settings=\"{&quot;_animation&quot;:&quot;fadeInRight&quot;,&quot;_transform_rotateZ_effect&quot;:{&quot;unit&quot;:&quot;px&quot;,&quot;size&quot;:&quot;&quot;,&quot;sizes&quot;:[]},&quot;_transform_rotateZ_effect_tablet&quot;:{&quot;unit&quot;:&quot;deg&quot;,&quot;size&quot;:&quot;&quot;,&quot;sizes&quot;:[]},&quot;_transform_rotateZ_effect_mobile&quot;:{&quot;unit&quot;:&quot;deg&quot;,&quot;size&quot;:&quot;&quot;,&quot;sizes&quot;:[]}}\" data-widget_type=\"image.default\">\n\t\t\t\t<div class=\"elementor-widget-container\">\n\t\t\t\t\t\t\t\t\t\t\t\t\t\t\t<img fetchpriority=\"high\" decoding=\"async\" width=\"1440\" height=\"960\" src=\"https:\/\/evopac.com\/wp-content\/uploads\/2025\/05\/evopac_company.jpg\" class=\"attachment-full size-full wp-image-5711\" alt=\"\" srcset=\"https:\/\/evopac.com\/wp-content\/uploads\/2025\/05\/evopac_company.jpg 1440w, https:\/\/evopac.com\/wp-content\/uploads\/2025\/05\/evopac_company-300x200.jpg 300w, https:\/\/evopac.com\/wp-content\/uploads\/2025\/05\/evopac_company-1024x683.jpg 1024w, https:\/\/evopac.com\/wp-content\/uploads\/2025\/05\/evopac_company-768x512.jpg 768w\" sizes=\"(max-width: 1440px) 100vw, 1440px\" \/>\t\t\t\t\t\t\t\t\t\t\t\t\t\t\t<\/div>\n\t\t\t\t<\/div>\n\t\t\t\t<\/div>\n\t\t<div class=\"elementor-element elementor-element-64135ee e-con-full e-flex e-con e-child\" data-id=\"64135ee\" data-element_type=\"container\" data-e-type=\"container\">\n\t\t\t\t<div class=\"elementor-element elementor-element-231fa36 elementor-widget elementor-widget-image\" data-id=\"231fa36\" data-element_type=\"widget\" data-e-type=\"widget\" data-widget_type=\"image.default\">\n\t\t\t\t<div class=\"elementor-widget-container\">\n\t\t\t\t\t\t\t\t\t\t\t\t\t\t\t<img decoding=\"async\" width=\"1900\" height=\"1267\" src=\"https:\/\/evopac.com\/wp-content\/uploads\/2025\/05\/evopac_company_2.jpg\" class=\"attachment-full size-full wp-image-5714\" alt=\"\" srcset=\"https:\/\/evopac.com\/wp-content\/uploads\/2025\/05\/evopac_company_2.jpg 1900w, https:\/\/evopac.com\/wp-content\/uploads\/2025\/05\/evopac_company_2-300x200.jpg 300w, https:\/\/evopac.com\/wp-content\/uploads\/2025\/05\/evopac_company_2-1024x683.jpg 1024w, https:\/\/evopac.com\/wp-content\/uploads\/2025\/05\/evopac_company_2-768x512.jpg 768w, https:\/\/evopac.com\/wp-content\/uploads\/2025\/05\/evopac_company_2-1536x1024.jpg 1536w\" sizes=\"(max-width: 1900px) 100vw, 1900px\" \/>\t\t\t\t\t\t\t\t\t\t\t\t\t\t\t<\/div>\n\t\t\t\t<\/div>\n\t\t\t\t<\/div>\n\t\t\t\t<\/div>\n\t\t<div class=\"elementor-element elementor-element-f99f0b6 e-con-full e-flex e-con e-parent\" data-id=\"f99f0b6\" data-element_type=\"container\" data-e-type=\"container\" data-settings=\"{&quot;animation&quot;:&quot;none&quot;}\">\n\t\t<div class=\"elementor-element elementor-element-18ee1e6 e-con-full e-flex e-con e-child\" data-id=\"18ee1e6\" data-element_type=\"container\" data-e-type=\"container\" data-settings=\"{&quot;background_background&quot;:&quot;classic&quot;}\">\n\t\t\t\t<div class=\"elementor-element elementor-element-8b06345 elementor-invisible elementor-widget elementor-widget-image\" data-id=\"8b06345\" data-element_type=\"widget\" data-e-type=\"widget\" data-settings=\"{&quot;_animation&quot;:&quot;fadeInUp&quot;}\" data-widget_type=\"image.default\">\n\t\t\t\t<div class=\"elementor-widget-container\">\n\t\t\t\t\t\t\t\t\t\t\t\t\t\t\t<img loading=\"lazy\" decoding=\"async\" width=\"1024\" height=\"683\" src=\"https:\/\/evopac.com\/wp-content\/uploads\/2024\/09\/Curie-1024x683.jpg\" class=\"attachment-large size-large wp-image-5372\" alt=\"\" srcset=\"https:\/\/evopac.com\/wp-content\/uploads\/2024\/09\/Curie-1024x683.jpg 1024w, https:\/\/evopac.com\/wp-content\/uploads\/2024\/09\/Curie-300x200.jpg 300w, https:\/\/evopac.com\/wp-content\/uploads\/2024\/09\/Curie-768x512.jpg 768w, https:\/\/evopac.com\/wp-content\/uploads\/2024\/09\/Curie.jpg 1500w\" sizes=\"(max-width: 1024px) 100vw, 1024px\" \/>\t\t\t\t\t\t\t\t\t\t\t\t\t\t\t<\/div>\n\t\t\t\t<\/div>\n\t\t\t\t<\/div>\n\t\t<div class=\"elementor-element elementor-element-52fad26 e-con-full e-flex elementor-invisible e-con e-child\" data-id=\"52fad26\" data-element_type=\"container\" data-e-type=\"container\" data-settings=\"{&quot;background_background&quot;:&quot;classic&quot;,&quot;animation&quot;:&quot;fadeInDown&quot;}\">\n\t\t\t\t<div class=\"elementor-element elementor-element-b5a41f5 elementor-widget elementor-widget-image\" data-id=\"b5a41f5\" data-element_type=\"widget\" data-e-type=\"widget\" data-widget_type=\"image.default\">\n\t\t\t\t<div class=\"elementor-widget-container\">\n\t\t\t\t\t\t\t\t\t\t\t\t\t\t\t<img loading=\"lazy\" decoding=\"async\" width=\"960\" height=\"1440\" src=\"https:\/\/evopac.com\/wp-content\/uploads\/2025\/05\/evopac_xompany_3.jpg\" class=\"attachment-full size-full wp-image-5758\" alt=\"\" srcset=\"https:\/\/evopac.com\/wp-content\/uploads\/2025\/05\/evopac_xompany_3.jpg 960w, https:\/\/evopac.com\/wp-content\/uploads\/2025\/05\/evopac_xompany_3-200x300.jpg 200w, https:\/\/evopac.com\/wp-content\/uploads\/2025\/05\/evopac_xompany_3-683x1024.jpg 683w, https:\/\/evopac.com\/wp-content\/uploads\/2025\/05\/evopac_xompany_3-768x1152.jpg 768w\" sizes=\"(max-width: 960px) 100vw, 960px\" \/>\t\t\t\t\t\t\t\t\t\t\t\t\t\t\t<\/div>\n\t\t\t\t<\/div>\n\t\t\t\t<\/div>\n\t\t<div class=\"elementor-element elementor-element-ab2b1a7 e-con-full e-flex e-con e-child\" data-id=\"ab2b1a7\" data-element_type=\"container\" data-e-type=\"container\" data-settings=\"{&quot;animation&quot;:&quot;none&quot;}\">\n\t\t\t\t<div class=\"elementor-element elementor-element-d6b40f6 elementor-widget elementor-widget-text-editor\" data-id=\"d6b40f6\" data-element_type=\"widget\" data-e-type=\"widget\" data-widget_type=\"text-editor.default\">\n\t\t\t\t<div class=\"elementor-widget-container\">\n\t\t\t\t\t\t\t\t\t<h3>Ogni fase \u00e8 sotto il nostro sguardo: meccanica, elettronica, software.  <\/h3>\t\t\t\t\t\t\t\t<\/div>\n\t\t\t\t<\/div>\n\t\t<div class=\"elementor-element elementor-element-a4019e7 e-con-full e-flex e-con e-child\" data-id=\"a4019e7\" data-element_type=\"container\" data-e-type=\"container\">\n\t\t\t\t<div class=\"elementor-element elementor-element-707a125 elementor-widget elementor-widget-text-editor\" data-id=\"707a125\" data-element_type=\"widget\" data-e-type=\"widget\" data-widget_type=\"text-editor.default\">\n\t\t\t\t<div class=\"elementor-widget-container\">\n\t\t\t\t\t\t\t\t\t<h3>In questo modo garantiamo sempre standard elevati e costanti.<\/h3><h3> <\/h3>\t\t\t\t\t\t\t\t<\/div>\n\t\t\t\t<\/div>\n\t\t\t\t<\/div>\n\t\t\t\t<\/div>\n\t\t\t\t<\/div>\n\t\t<div class=\"elementor-element elementor-element-2c1d903 e-con-full e-flex e-con e-parent\" data-id=\"2c1d903\" data-element_type=\"container\" data-e-type=\"container\">\n\t\t<div class=\"elementor-element elementor-element-b096768 e-con-full e-flex e-con e-child\" data-id=\"b096768\" data-element_type=\"container\" data-e-type=\"container\" data-settings=\"{&quot;background_background&quot;:&quot;classic&quot;}\">\n\t\t\t\t<div class=\"elementor-element elementor-element-27e0877 elementor-widget elementor-widget-spheral_core_button\" data-id=\"27e0877\" data-element_type=\"widget\" data-e-type=\"widget\" data-widget_type=\"spheral_core_button.default\">\n\t\t\t\t<div class=\"elementor-widget-container\">\n\t\t\t\t\t<a class=\"qodef-shortcode qodef-m qodef-button qodef-layout--textual qodef-html--link\" href=\"https:\/\/evopac.com\/contact-us\/\" target=\"_self\" style=\"--qode-button-color: #1D252D\">\n\t<span class=\"qodef-m-text\">Contattaci<\/span>\n\t<span class=\"qodef-m-icon\"><svg class=\"qodef-svg--button-arrow\" xmlns=\"http:\/\/www.w3.org\/2000\/svg\" width=\"14.497\" height=\"14.497\"><path d=\"M.76.15h13.587v.546a9.649 9.649 0 0 1-4.262.97C7.398 1.73.76 1.665.76 1.665Z\"\/><path d=\"M14.347 13.737V.15h-.546a9.649 9.649 0 0 0-.97 4.262c-.064 2.687 0 9.324 0 9.324Z\"\/><path d=\"M.76 13.736 13.8.696a21.3 21.3 0 0 1-3.56 4.622c-2.544 2.613-8.95 8.95-8.95 8.95Zm-.53-.53S6.566 6.8 9.18 4.256A21.291 21.291 0 0 1 13.8.696L.76 13.736Z\"\/><\/svg><\/span>\n<\/a>\n\t\t\t\t<\/div>\n\t\t\t\t<\/div>\n\t\t\t\t<\/div>\n\t\t<div class=\"elementor-element elementor-element-b5b5ae4 e-con-full e-flex e-con e-child\" data-id=\"b5b5ae4\" data-element_type=\"container\" data-e-type=\"container\" data-settings=\"{&quot;background_background&quot;:&quot;classic&quot;}\">\n\t\t\t\t<div class=\"elementor-element elementor-element-2d2de37 elementor-widget elementor-widget-spheral_core_button\" data-id=\"2d2de37\" data-element_type=\"widget\" data-e-type=\"widget\" data-widget_type=\"spheral_core_button.default\">\n\t\t\t\t<div class=\"elementor-widget-container\">\n\t\t\t\t\t<a class=\"qodef-shortcode qodef-m qodef-button qodef-layout--textual qodef-html--link\" href=\"mailto:risorseumane@cecgroupsrl.com\" target=\"_self\" style=\"--qode-button-color: #FFFFFF;--qode-button-hover-color: #FFFFFF\">\n\t<span class=\"qodef-m-text\">Lavora con noi<\/span>\n\t<span class=\"qodef-m-icon\"><svg class=\"qodef-svg--button-arrow\" xmlns=\"http:\/\/www.w3.org\/2000\/svg\" width=\"14.497\" height=\"14.497\"><path d=\"M.76.15h13.587v.546a9.649 9.649 0 0 1-4.262.97C7.398 1.73.76 1.665.76 1.665Z\"\/><path d=\"M14.347 13.737V.15h-.546a9.649 9.649 0 0 0-.97 4.262c-.064 2.687 0 9.324 0 9.324Z\"\/><path d=\"M.76 13.736 13.8.696a21.3 21.3 0 0 1-3.56 4.622c-2.544 2.613-8.95 8.95-8.95 8.95Zm-.53-.53S6.566 6.8 9.18 4.256A21.291 21.291 0 0 1 13.8.696L.76 13.736Z\"\/><\/svg><\/span>\n<\/a>\n\t\t\t\t<\/div>\n\t\t\t\t<\/div>\n\t\t\t\t<\/div>\n\t\t\t\t<\/div>\n\t\t\t\t<\/div>\n\t\t","protected":false},"excerpt":{"rendered":"<p>Wrap it your way EVOPAC \u00e8 un&#8217;azienda 100% italiana produttrice di macchine avvolgi-pallet con sede a Cesena, nel cuore della Romagna. Siamo un&#8217;azienda a conduzione familiare che ha costruito la sua attivit\u00e0 su valori di fiducia, dedizione e integrit\u00e0. Per noi ogni cliente \u00e8 un partner e crediamo nella creazione di relazioni durature basate sull&#8217;onest\u00e0 [&hellip;]<\/p>\n","protected":false},"author":1,"featured_media":5711,"parent":0,"menu_order":0,"comment_status":"closed","ping_status":"closed","template":"page-full-width.php","meta":{"pagelayer_contact_templates":[],"_pagelayer_content":"","footnotes":""},"class_list":["post-6453","page","type-page","status-publish","has-post-thumbnail","hentry"],"yoast_head":"<!-- This site is optimized with the Yoast SEO plugin v27.1.1 - https:\/\/yoast.com\/product\/yoast-seo-wordpress\/ -->\n<title>Evopac \u2013 Chi siamo: tradizione italiana nell\u2019avvolgimento pallet<\/title>\n<meta name=\"description\" content=\"Scopri Evopac: azienda a conduzione familiare a Cesena, avvolgitori da pallet 100% italiani, innovazione, qualit\u00e0 e assistenza su misura.\" \/>\n<meta name=\"robots\" content=\"index, follow, max-snippet:-1, max-image-preview:large, max-video-preview:-1\" \/>\n<link rel=\"canonical\" href=\"https:\/\/evopac.com\/it\/azienda\/\" \/>\n<meta property=\"og:locale\" content=\"it_IT\" \/>\n<meta property=\"og:type\" content=\"article\" \/>\n<meta property=\"og:title\" content=\"Evopac \u2013 Chi siamo: tradizione italiana nell\u2019avvolgimento pallet\" \/>\n<meta property=\"og:description\" content=\"Scopri Evopac: azienda a conduzione familiare a Cesena, avvolgitori da pallet 100% italiani, innovazione, qualit\u00e0 e assistenza su misura.\" \/>\n<meta property=\"og:url\" content=\"https:\/\/evopac.com\/it\/azienda\/\" \/>\n<meta property=\"og:site_name\" content=\"Evopac\" \/>\n<meta property=\"article:modified_time\" content=\"2025-06-24T10:44:09+00:00\" \/>\n<meta property=\"og:image\" content=\"https:\/\/evopac.com\/wp-content\/uploads\/2025\/05\/evopac_company.jpg\" \/>\n\t<meta property=\"og:image:width\" content=\"1440\" \/>\n\t<meta property=\"og:image:height\" content=\"960\" \/>\n\t<meta property=\"og:image:type\" content=\"image\/jpeg\" \/>\n<meta name=\"twitter:card\" content=\"summary_large_image\" \/>\n<meta name=\"twitter:label1\" content=\"Tempo di lettura stimato\" \/>\n\t<meta name=\"twitter:data1\" content=\"2 minuti\" \/>\n<script type=\"application\/ld+json\" class=\"yoast-schema-graph\">{\"@context\":\"https:\/\/schema.org\",\"@graph\":[{\"@type\":\"WebPage\",\"@id\":\"https:\/\/evopac.com\/it\/azienda\/\",\"url\":\"https:\/\/evopac.com\/it\/azienda\/\",\"name\":\"Evopac \u2013 Chi siamo: tradizione italiana nell\u2019avvolgimento pallet\",\"isPartOf\":{\"@id\":\"https:\/\/evopac.com\/it\/#website\"},\"primaryImageOfPage\":{\"@id\":\"https:\/\/evopac.com\/it\/azienda\/#primaryimage\"},\"image\":{\"@id\":\"https:\/\/evopac.com\/it\/azienda\/#primaryimage\"},\"thumbnailUrl\":\"https:\/\/evopac.com\/wp-content\/uploads\/2025\/05\/evopac_company.jpg\",\"datePublished\":\"2025-05-19T15:12:27+00:00\",\"dateModified\":\"2025-06-24T10:44:09+00:00\",\"description\":\"Scopri Evopac: azienda a conduzione familiare a Cesena, avvolgitori da pallet 100% italiani, innovazione, qualit\u00e0 e assistenza su misura.\",\"breadcrumb\":{\"@id\":\"https:\/\/evopac.com\/it\/azienda\/#breadcrumb\"},\"inLanguage\":\"it-IT\",\"potentialAction\":[{\"@type\":\"ReadAction\",\"target\":[\"https:\/\/evopac.com\/it\/azienda\/\"]}]},{\"@type\":\"ImageObject\",\"inLanguage\":\"it-IT\",\"@id\":\"https:\/\/evopac.com\/it\/azienda\/#primaryimage\",\"url\":\"https:\/\/evopac.com\/wp-content\/uploads\/2025\/05\/evopac_company.jpg\",\"contentUrl\":\"https:\/\/evopac.com\/wp-content\/uploads\/2025\/05\/evopac_company.jpg\",\"width\":1440,\"height\":960},{\"@type\":\"BreadcrumbList\",\"@id\":\"https:\/\/evopac.com\/it\/azienda\/#breadcrumb\",\"itemListElement\":[{\"@type\":\"ListItem\",\"position\":1,\"name\":\"Home\",\"item\":\"https:\/\/evopac.com\/it\/\"},{\"@type\":\"ListItem\",\"position\":2,\"name\":\"Azienda\"}]},{\"@type\":\"WebSite\",\"@id\":\"https:\/\/evopac.com\/it\/#website\",\"url\":\"https:\/\/evopac.com\/it\/\",\"name\":\"Evopac\",\"description\":\"Wrap It Your Way\",\"publisher\":{\"@id\":\"https:\/\/evopac.com\/it\/#organization\"},\"potentialAction\":[{\"@type\":\"SearchAction\",\"target\":{\"@type\":\"EntryPoint\",\"urlTemplate\":\"https:\/\/evopac.com\/it\/?s={search_term_string}\"},\"query-input\":{\"@type\":\"PropertyValueSpecification\",\"valueRequired\":true,\"valueName\":\"search_term_string\"}}],\"inLanguage\":\"it-IT\"},{\"@type\":\"Organization\",\"@id\":\"https:\/\/evopac.com\/it\/#organization\",\"name\":\"EVOPAC S.r.l.\",\"url\":\"https:\/\/evopac.com\/it\/\",\"logo\":{\"@type\":\"ImageObject\",\"inLanguage\":\"it-IT\",\"@id\":\"https:\/\/evopac.com\/it\/#\/schema\/logo\/image\/\",\"url\":\"https:\/\/evopac.com\/wp-content\/uploads\/2025\/05\/cropped-grafica_evopac.png\",\"contentUrl\":\"https:\/\/evopac.com\/wp-content\/uploads\/2025\/05\/cropped-grafica_evopac.png\",\"width\":512,\"height\":512,\"caption\":\"EVOPAC S.r.l.\"},\"image\":{\"@id\":\"https:\/\/evopac.com\/it\/#\/schema\/logo\/image\/\"}}]}<\/script>\n<!-- \/ Yoast SEO plugin. -->","yoast_head_json":{"title":"Evopac \u2013 Chi siamo: tradizione italiana nell\u2019avvolgimento pallet","description":"Scopri Evopac: azienda a conduzione familiare a Cesena, avvolgitori da pallet 100% italiani, innovazione, qualit\u00e0 e assistenza su misura.","robots":{"index":"index","follow":"follow","max-snippet":"max-snippet:-1","max-image-preview":"max-image-preview:large","max-video-preview":"max-video-preview:-1"},"canonical":"https:\/\/evopac.com\/it\/azienda\/","og_locale":"it_IT","og_type":"article","og_title":"Evopac \u2013 Chi siamo: tradizione italiana nell\u2019avvolgimento pallet","og_description":"Scopri Evopac: azienda a conduzione familiare a Cesena, avvolgitori da pallet 100% italiani, innovazione, qualit\u00e0 e assistenza su misura.","og_url":"https:\/\/evopac.com\/it\/azienda\/","og_site_name":"Evopac","article_modified_time":"2025-06-24T10:44:09+00:00","og_image":[{"width":1440,"height":960,"url":"https:\/\/evopac.com\/wp-content\/uploads\/2025\/05\/evopac_company.jpg","type":"image\/jpeg"}],"twitter_card":"summary_large_image","twitter_misc":{"Tempo di lettura stimato":"2 minuti"},"schema":{"@context":"https:\/\/schema.org","@graph":[{"@type":"WebPage","@id":"https:\/\/evopac.com\/it\/azienda\/","url":"https:\/\/evopac.com\/it\/azienda\/","name":"Evopac \u2013 Chi siamo: tradizione italiana nell\u2019avvolgimento pallet","isPartOf":{"@id":"https:\/\/evopac.com\/it\/#website"},"primaryImageOfPage":{"@id":"https:\/\/evopac.com\/it\/azienda\/#primaryimage"},"image":{"@id":"https:\/\/evopac.com\/it\/azienda\/#primaryimage"},"thumbnailUrl":"https:\/\/evopac.com\/wp-content\/uploads\/2025\/05\/evopac_company.jpg","datePublished":"2025-05-19T15:12:27+00:00","dateModified":"2025-06-24T10:44:09+00:00","description":"Scopri Evopac: azienda a conduzione familiare a Cesena, avvolgitori da pallet 100% italiani, innovazione, qualit\u00e0 e assistenza su misura.","breadcrumb":{"@id":"https:\/\/evopac.com\/it\/azienda\/#breadcrumb"},"inLanguage":"it-IT","potentialAction":[{"@type":"ReadAction","target":["https:\/\/evopac.com\/it\/azienda\/"]}]},{"@type":"ImageObject","inLanguage":"it-IT","@id":"https:\/\/evopac.com\/it\/azienda\/#primaryimage","url":"https:\/\/evopac.com\/wp-content\/uploads\/2025\/05\/evopac_company.jpg","contentUrl":"https:\/\/evopac.com\/wp-content\/uploads\/2025\/05\/evopac_company.jpg","width":1440,"height":960},{"@type":"BreadcrumbList","@id":"https:\/\/evopac.com\/it\/azienda\/#breadcrumb","itemListElement":[{"@type":"ListItem","position":1,"name":"Home","item":"https:\/\/evopac.com\/it\/"},{"@type":"ListItem","position":2,"name":"Azienda"}]},{"@type":"WebSite","@id":"https:\/\/evopac.com\/it\/#website","url":"https:\/\/evopac.com\/it\/","name":"Evopac","description":"Wrap It Your Way","publisher":{"@id":"https:\/\/evopac.com\/it\/#organization"},"potentialAction":[{"@type":"SearchAction","target":{"@type":"EntryPoint","urlTemplate":"https:\/\/evopac.com\/it\/?s={search_term_string}"},"query-input":{"@type":"PropertyValueSpecification","valueRequired":true,"valueName":"search_term_string"}}],"inLanguage":"it-IT"},{"@type":"Organization","@id":"https:\/\/evopac.com\/it\/#organization","name":"EVOPAC S.r.l.","url":"https:\/\/evopac.com\/it\/","logo":{"@type":"ImageObject","inLanguage":"it-IT","@id":"https:\/\/evopac.com\/it\/#\/schema\/logo\/image\/","url":"https:\/\/evopac.com\/wp-content\/uploads\/2025\/05\/cropped-grafica_evopac.png","contentUrl":"https:\/\/evopac.com\/wp-content\/uploads\/2025\/05\/cropped-grafica_evopac.png","width":512,"height":512,"caption":"EVOPAC S.r.l."},"image":{"@id":"https:\/\/evopac.com\/it\/#\/schema\/logo\/image\/"}}]}},"_links":{"self":[{"href":"https:\/\/evopac.com\/it\/wp-json\/wp\/v2\/pages\/6453","targetHints":{"allow":["GET"]}}],"collection":[{"href":"https:\/\/evopac.com\/it\/wp-json\/wp\/v2\/pages"}],"about":[{"href":"https:\/\/evopac.com\/it\/wp-json\/wp\/v2\/types\/page"}],"author":[{"embeddable":true,"href":"https:\/\/evopac.com\/it\/wp-json\/wp\/v2\/users\/1"}],"replies":[{"embeddable":true,"href":"https:\/\/evopac.com\/it\/wp-json\/wp\/v2\/comments?post=6453"}],"version-history":[{"count":5,"href":"https:\/\/evopac.com\/it\/wp-json\/wp\/v2\/pages\/6453\/revisions"}],"predecessor-version":[{"id":6536,"href":"https:\/\/evopac.com\/it\/wp-json\/wp\/v2\/pages\/6453\/revisions\/6536"}],"wp:featuredmedia":[{"embeddable":true,"href":"https:\/\/evopac.com\/it\/wp-json\/wp\/v2\/media\/5711"}],"wp:attachment":[{"href":"https:\/\/evopac.com\/it\/wp-json\/wp\/v2\/media?parent=6453"}],"curies":[{"name":"wp","href":"https:\/\/api.w.org\/{rel}","templated":true}]}}